{"id":117,"date":"2024-05-15T20:45:54","date_gmt":"2024-05-15T18:45:54","guid":{"rendered":"http:\/\/www.pegasus-groupe.com\/?page_id=117"},"modified":"2024-05-28T19:38:41","modified_gmt":"2024-05-28T17:38:41","slug":"transport","status":"publish","type":"page","link":"https:\/\/www.pegasus-groupe.com\/index.php\/transport\/","title":{"rendered":"Chauffeur priv\u00e9"},"content":{"rendered":"\n<p> Pegasus Groupe, votre partenaire de confiance pour des services de chauffeur priv\u00e9 de premi\u00e8re classe. Fond\u00e9 sur les valeurs d&rsquo;excellence, de professionnalisme et de satisfaction client, Pegasus Groupe est d\u00e9di\u00e9 \u00e0 offrir une exp\u00e9rience de transport personnalis\u00e9e et haut de gamme. Nos services incluent des transferts a\u00e9roport fiables et ponctuels, des services de chauffeur pour entreprises, des tours et excursions personnalis\u00e9s ainsi que des prestations pour \u00e9v\u00e9nements sp\u00e9ciaux. Que ce soit pour des voyages d&rsquo;affaires, des vacances, des mariages ou des soir\u00e9es de gala, nous garantissons une arriv\u00e9e sereine et confortable. Notre flotte de v\u00e9hicules modernes et luxueux comprend des berlines de luxe pour des trajets en ville ou de moyenne distance, des SUV haut de gamme pour plus de confort et d&rsquo;espace, ainsi que des vans et minibus pour des groupes plus importants. Chaque v\u00e9hicule est \u00e9quip\u00e9 des derni\u00e8res technologies pour assurer votre s\u00e9curit\u00e9 et votre confort, y compris Wi-Fi, boissons, et journaux.<\/p>\n\n\n\n<figure class=\"wp-block-image alignleft size-large is-resized\"><img loading=\"lazy\" decoding=\"async\" width=\"1024\" height=\"681\" src=\"https:\/\/www.pegasus-groupe.com\/wp-content\/uploads\/2024\/05\/handsome-male-taxi-driver-in-car-2023-11-27-04-52-13-utc-1024x681.jpg\" alt=\"\" class=\"wp-image-206\" style=\"width:586px;height:auto\" srcset=\"https:\/\/www.pegasus-groupe.com\/wp-content\/uploads\/2024\/05\/handsome-male-taxi-driver-in-car-2023-11-27-04-52-13-utc-1024x681.jpg 1024w, https:\/\/www.pegasus-groupe.com\/wp-content\/uploads\/2024\/05\/handsome-male-taxi-driver-in-car-2023-11-27-04-52-13-utc-300x200.jpg 300w, https:\/\/www.pegasus-groupe.com\/wp-content\/uploads\/2024\/05\/handsome-male-taxi-driver-in-car-2023-11-27-04-52-13-utc-768x511.jpg 768w, https:\/\/www.pegasus-groupe.com\/wp-content\/uploads\/2024\/05\/handsome-male-taxi-driver-in-car-2023-11-27-04-52-13-utc-1536x1022.jpg 1536w, https:\/\/www.pegasus-groupe.com\/wp-content\/uploads\/2024\/05\/handsome-male-taxi-driver-in-car-2023-11-27-04-52-13-utc-2048x1363.jpg 2048w, https:\/\/www.pegasus-groupe.com\/wp-content\/uploads\/2024\/05\/handsome-male-taxi-driver-in-car-2023-11-27-04-52-13-utc-1140x758.jpg 1140w\" sizes=\"auto, (max-width: 1024px) 100vw, 1024px\" \/><\/figure>\n\n\n\n<p>Nos chauffeurs, s\u00e9lectionn\u00e9s avec soin et rigoureusement form\u00e9s, sont professionnels, ponctuels, discrets, courtois, multilingues et connaissent parfaitement la r\u00e9gion. En choisissant Pegasus Groupe, vous optez pour la fiabilit\u00e9, le confort, la s\u00e9curit\u00e9 et une personnalisation totale de votre exp\u00e9rience de transport. Nos clients t\u00e9moignent de notre service exceptionnel, avec des commentaires \u00e9logieux sur notre professionnalisme, notre ponctualit\u00e9 et la qualit\u00e9 de nos v\u00e9hicules. Que ce soit pour des d\u00e9placements d&rsquo;affaires ou des voyages personnels, nous nous engageons \u00e0 respecter les horaires et \u00e0 fournir un service sans faille, adapt\u00e9 \u00e0 vos besoins sp\u00e9cifiques. Rejoignez-nous et d\u00e9couvrez la diff\u00e9rence de voyager avec Pegasus Groupe, o\u00f9 chaque trajet est une exp\u00e9rience unique. Pour r\u00e9server nos services ou obtenir plus d&rsquo;informations, contactez-nous par t\u00e9l\u00e9phone, email ou via notre site web. Faites confiance \u00e0 Pegasus Groupe pour transformer vos trajets en une exp\u00e9rience luxueuse et sans souci.<\/p>\n","protected":false},"excerpt":{"rendered":"<p>Pegasus Groupe, votre partenaire de confiance pour des services de chauffeur priv\u00e9 de premi\u00e8re classe. Fond\u00e9 sur les valeurs d&rsquo;excellence,<span class=\"more-dots\">&#8230;<\/span><\/p>\n","protected":false},"author":1,"featured_media":0,"parent":0,"menu_order":0,"comment_status":"closed","ping_status":"closed","template":"","meta":{"_uag_custom_page_level_css":"","footnotes":""},"class_list":["post-117","page","type-page","status-publish","hentry","no-post-thumbnail"],"uagb_featured_image_src":{"full":false,"thumbnail":false,"medium":false,"medium_large":false,"large":false,"1536x1536":false,"2048x2048":false,"post-thumbnail":false,"exs-square":false,"exs-square-half":false},"uagb_author_info":{"display_name":"admin3655","author_link":"https:\/\/www.pegasus-groupe.com\/index.php\/author\/admin3655\/"},"uagb_comment_info":0,"uagb_excerpt":"Pegasus Groupe, votre partenaire de confiance pour des services de chauffeur priv\u00e9 de premi\u00e8re classe. Fond\u00e9 sur les valeurs d&rsquo;excellence,...","_links":{"self":[{"href":"https:\/\/www.pegasus-groupe.com\/index.php\/wp-json\/wp\/v2\/pages\/117","targetHints":{"allow":["GET"]}}],"collection":[{"href":"https:\/\/www.pegasus-groupe.com\/index.php\/wp-json\/wp\/v2\/pages"}],"about":[{"href":"https:\/\/www.pegasus-groupe.com\/index.php\/wp-json\/wp\/v2\/types\/page"}],"author":[{"embeddable":true,"href":"https:\/\/www.pegasus-groupe.com\/index.php\/wp-json\/wp\/v2\/users\/1"}],"replies":[{"embeddable":true,"href":"https:\/\/www.pegasus-groupe.com\/index.php\/wp-json\/wp\/v2\/comments?post=117"}],"version-history":[{"count":4,"href":"https:\/\/www.pegasus-groupe.com\/index.php\/wp-json\/wp\/v2\/pages\/117\/revisions"}],"predecessor-version":[{"id":217,"href":"https:\/\/www.pegasus-groupe.com\/index.php\/wp-json\/wp\/v2\/pages\/117\/revisions\/217"}],"wp:attachment":[{"href":"https:\/\/www.pegasus-groupe.com\/index.php\/wp-json\/wp\/v2\/media?parent=117"}],"curies":[{"name":"wp","href":"https:\/\/api.w.org\/{rel}","templated":true}]}}